{"id":1286,"date":"2016-06-29T23:07:10","date_gmt":"2016-06-29T23:07:10","guid":{"rendered":"http:\/\/www.iztacala.unam.mx\/nuevo_ingreso\/?page_id=1286"},"modified":"2025-06-27T19:22:29","modified_gmt":"2025-06-27T19:22:29","slug":"mariposario","status":"publish","type":"page","link":"https:\/\/www.iztacala.unam.mx\/nuevo_ingreso\/?page_id=1286","title":{"rendered":"Mariposario"},"content":{"rendered":"\n<p>Un espacio al que puedes asistir s\u00f3lo para checar la amplia colecci\u00f3n que tiene la FESI, o tambi\u00e9n si en los&nbsp;proyectos que ah\u00ed se realizan pueden apoyar tus trabajos o actividades acad\u00e9micas. Muchos no saben que&nbsp;existe pero, en efecto, en Iztacala tambi\u00e9n hay un mariposario.<\/p>\n\n\n\n<div class=\"wp-block-columns is-layout-flex wp-container-core-columns-is-layout-1 wp-block-columns-is-layout-flex\">\n<div class=\"wp-block-column is-layout-flow wp-block-column-is-layout-flow\">\n<figure class=\"wp-block-image size-full\"><img loading=\"lazy\" decoding=\"async\" width=\"250\" height=\"250\" src=\"http:\/\/www.iztacala.unam.mx\/nuevo_ingreso\/wp-content\/uploads\/2016\/06\/m6.jpg\" alt=\"\" class=\"wp-image-1312\" srcset=\"https:\/\/www.iztacala.unam.mx\/nuevo_ingreso\/wp-content\/uploads\/2016\/06\/m6.jpg 250w, https:\/\/www.iztacala.unam.mx\/nuevo_ingreso\/wp-content\/uploads\/2016\/06\/m6-150x150.jpg 150w, https:\/\/www.iztacala.unam.mx\/nuevo_ingreso\/wp-content\/uploads\/2016\/06\/m6-230x230.jpg 230w, https:\/\/www.iztacala.unam.mx\/nuevo_ingreso\/wp-content\/uploads\/2016\/06\/m6-80x80.jpg 80w\" sizes=\"(max-width: 250px) 100vw, 250px\" \/><\/figure>\n<\/div>\n\n\n\n<div class=\"wp-block-column is-layout-flow wp-block-column-is-layout-flow\">\n<figure class=\"wp-block-image size-full\"><img loading=\"lazy\" decoding=\"async\" width=\"250\" height=\"250\" src=\"http:\/\/www.iztacala.unam.mx\/nuevo_ingreso\/wp-content\/uploads\/2016\/06\/m1.jpg\" alt=\"\" class=\"wp-image-1307\" srcset=\"https:\/\/www.iztacala.unam.mx\/nuevo_ingreso\/wp-content\/uploads\/2016\/06\/m1.jpg 250w, https:\/\/www.iztacala.unam.mx\/nuevo_ingreso\/wp-content\/uploads\/2016\/06\/m1-150x150.jpg 150w, https:\/\/www.iztacala.unam.mx\/nuevo_ingreso\/wp-content\/uploads\/2016\/06\/m1-230x230.jpg 230w, https:\/\/www.iztacala.unam.mx\/nuevo_ingreso\/wp-content\/uploads\/2016\/06\/m1-80x80.jpg 80w\" sizes=\"(max-width: 250px) 100vw, 250px\" \/><\/figure>\n<\/div>\n\n\n\n<div class=\"wp-block-column is-layout-flow wp-block-column-is-layout-flow\">\n<figure class=\"wp-block-image size-full\"><img loading=\"lazy\" decoding=\"async\" width=\"250\" height=\"250\" src=\"http:\/\/www.iztacala.unam.mx\/nuevo_ingreso\/wp-content\/uploads\/2016\/06\/m4.jpg\" alt=\"\" class=\"wp-image-1310\" srcset=\"https:\/\/www.iztacala.unam.mx\/nuevo_ingreso\/wp-content\/uploads\/2016\/06\/m4.jpg 250w, https:\/\/www.iztacala.unam.mx\/nuevo_ingreso\/wp-content\/uploads\/2016\/06\/m4-150x150.jpg 150w, https:\/\/www.iztacala.unam.mx\/nuevo_ingreso\/wp-content\/uploads\/2016\/06\/m4-230x230.jpg 230w, https:\/\/www.iztacala.unam.mx\/nuevo_ingreso\/wp-content\/uploads\/2016\/06\/m4-80x80.jpg 80w\" sizes=\"(max-width: 250px) 100vw, 250px\" \/><\/figure>\n<\/div>\n<\/div>\n","protected":false},"excerpt":{"rendered":"<p>Un espacio al que puedes asistir s\u00f3lo para checar la amplia colecci\u00f3n que tiene la FESI, o tambi\u00e9n si en los&nbsp;proyectos que ah\u00ed se realizan pueden apoyar tus trabajos o<\/p>\n<p><a href=\"https:\/\/www.iztacala.unam.mx\/nuevo_ingreso\/?page_id=1286\" class=\"more-link\">Continue reading<span class=\"screen-reader-text\">Mariposario<\/span><\/a><\/p>\n","protected":false},"author":1,"featured_media":0,"parent":0,"menu_order":0,"comment_status":"closed","ping_status":"closed","template":"","meta":{"spay_email":"","footnotes":""},"_links":{"self":[{"href":"https:\/\/www.iztacala.unam.mx\/nuevo_ingreso\/index.php?rest_route=\/wp\/v2\/pages\/1286"}],"collection":[{"href":"https:\/\/www.iztacala.unam.mx\/nuevo_ingreso\/index.php?rest_route=\/wp\/v2\/pages"}],"about":[{"href":"https:\/\/www.iztacala.unam.mx\/nuevo_ingreso\/index.php?rest_route=\/wp\/v2\/types\/page"}],"author":[{"embeddable":true,"href":"https:\/\/www.iztacala.unam.mx\/nuevo_ingreso\/index.php?rest_route=\/wp\/v2\/users\/1"}],"replies":[{"embeddable":true,"href":"https:\/\/www.iztacala.unam.mx\/nuevo_ingreso\/index.php?rest_route=%2Fwp%2Fv2%2Fcomments&post=1286"}],"version-history":[{"count":10,"href":"https:\/\/www.iztacala.unam.mx\/nuevo_ingreso\/index.php?rest_route=\/wp\/v2\/pages\/1286\/revisions"}],"predecessor-version":[{"id":4373,"href":"https:\/\/www.iztacala.unam.mx\/nuevo_ingreso\/index.php?rest_route=\/wp\/v2\/pages\/1286\/revisions\/4373"}],"wp:attachment":[{"href":"https:\/\/www.iztacala.unam.mx\/nuevo_ingreso\/index.php?rest_route=%2Fwp%2Fv2%2Fmedia&parent=1286"}],"curies":[{"name":"wp","href":"https:\/\/api.w.org\/{rel}","templated":true}]}}