{"id":3156,"date":"2025-06-03T22:48:15","date_gmt":"2025-06-03T22:48:15","guid":{"rendered":"https:\/\/www.iztacala.unam.mx\/nuevo_ingreso\/?page_id=3156"},"modified":"2025-06-03T22:48:16","modified_gmt":"2025-06-03T22:48:16","slug":"defensoria-de-los-derechos-universitarios-de-la-unam","status":"publish","type":"page","link":"https:\/\/www.iztacala.unam.mx\/nuevo_ingreso\/?page_id=3156","title":{"rendered":"Defensor\u00eda de los Derechos Universitarios de la UNAM"},"content":{"rendered":"\n<p>La Defensor\u00eda de los Derechos Universitarios, Igualdad y Atenci\u00f3n de la Violencia de G\u00e9nero (DDUIAVG) es un \u00f3rgano independiente de la Universidad Nacional Aut\u00f3noma de M\u00e9xico (UNAM), establecido el 29 de mayo de 1985 por el H. Consejo Universitario. Su principal objetivo es auxiliar en la soluci\u00f3n de conflictos derivados de actos u omisiones que afecten los derechos conferidos por la Legislaci\u00f3n Universitaria a estudiantes y miembros del personal acad\u00e9mico.<\/p>\n\n\n\n<h3 class=\"wp-block-heading\"><strong>Funciones principales<\/strong><\/h3>\n\n\n\n<p>De acuerdo con el art\u00edculo 1\u00b0 de su Estatuto, la Defensor\u00eda tiene por objeto:<\/p>\n\n\n\n<ol><li>Recibir y atender quejas del alumnado y personal acad\u00e9mico por actos u omisiones que afecten los derechos otorgados por la normativa universitaria.<\/li><li>Recibir y atender quejas del alumnado, personal acad\u00e9mico y administrativo por actos u omisiones que constituyan violencia de g\u00e9nero.<\/li><li>Coadyuvar con las autoridades en la estrategia de prevenci\u00f3n, atenci\u00f3n, sanci\u00f3n y erradicaci\u00f3n de la violencia de g\u00e9nero y cualquier otra forma de violencia en la UNAM.<\/li><li>Proporcionar asesor\u00eda en materia de derechos universitarios y violencia de g\u00e9nero.<br><\/li><\/ol>\n\n\n\n<h3 class=\"wp-block-heading\"><strong>\u00bfQui\u00e9nes pueden acudir?<\/strong><\/h3>\n\n\n\n<p>Pueden acudir las y los estudiantes, miembros del personal acad\u00e9mico y administrativo de la UNAM que consideren que sus derechos universitarios han sido vulnerados o que hayan sido v\u00edctimas de violencia de g\u00e9nero.&nbsp;<\/p>\n\n\n\n<p><strong>Tel\u00e9fono<\/strong>: 55 4161 6048<\/p>\n\n\n\n<p>Opci\u00f3n 1: Derechos Universitarios<\/p>\n\n\n\n<p>Opci\u00f3n 2: Violencia de G\u00e9nero<br><\/p>\n\n\n\n<p><strong>Correo electr\u00f3nico<\/strong><br>derechosuniversitarios@defensoria.unam.mx<br>genero@defensoria.unam.mx<br><\/p>\n\n\n\n<p><strong>Ubicaci\u00f3n<\/strong>&nbsp;<\/p>\n\n\n\n<p>Segundo piso del edificio D, Zona Cultural de Ciudad Universitaria (frente a UNIVERSUM), Ciudad de M\u00e9xico.<br><\/p>\n\n\n\n<p><strong>Redes sociales<\/strong><\/p>\n\n\n\n<p>Facebook:<a href=\"https:\/\/www.facebook.com\/DefensoriaUNAM\/\"> Defensor\u00eda UNAM<\/a><\/p>\n\n\n\n<p>Twitter:<a href=\"https:\/\/twitter.com\/UNAMDDU\"> @UNAMDDU<\/a><\/p>\n\n\n\n<p>Instagram:<a href=\"https:\/\/www.instagram.com\/unamddu\/\"> @unamddu<br><\/a><\/p>\n\n\n\n<p>Adem\u00e1s, la Defensor\u00eda cuenta con formularios digitales para solicitar orientaci\u00f3n en l\u00ednea, disponibles en su sitio web:<\/p>\n\n\n\n<p><a href=\"https:\/\/www.defensoria.unam.mx\/\">www.defensoria.unam.mx<\/a><\/p>\n","protected":false},"excerpt":{"rendered":"<p>La Defensor\u00eda de los Derechos Universitarios, Igualdad y Atenci\u00f3n de la Violencia de G\u00e9nero (DDUIAVG) es un \u00f3rgano independiente de la Universidad Nacional Aut\u00f3noma de M\u00e9xico (UNAM), establecido el 29<\/p>\n<p><a href=\"https:\/\/www.iztacala.unam.mx\/nuevo_ingreso\/?page_id=3156\" class=\"more-link\">Continue reading<span class=\"screen-reader-text\">Defensor\u00eda de los Derechos Universitarios de la UNAM<\/span><\/a><\/p>\n","protected":false},"author":4,"featured_media":0,"parent":0,"menu_order":0,"comment_status":"closed","ping_status":"closed","template":"","meta":{"spay_email":"","footnotes":""},"_links":{"self":[{"href":"https:\/\/www.iztacala.unam.mx\/nuevo_ingreso\/index.php?rest_route=\/wp\/v2\/pages\/3156"}],"collection":[{"href":"https:\/\/www.iztacala.unam.mx\/nuevo_ingreso\/index.php?rest_route=\/wp\/v2\/pages"}],"about":[{"href":"https:\/\/www.iztacala.unam.mx\/nuevo_ingreso\/index.php?rest_route=\/wp\/v2\/types\/page"}],"author":[{"embeddable":true,"href":"https:\/\/www.iztacala.unam.mx\/nuevo_ingreso\/index.php?rest_route=\/wp\/v2\/users\/4"}],"replies":[{"embeddable":true,"href":"https:\/\/www.iztacala.unam.mx\/nuevo_ingreso\/index.php?rest_route=%2Fwp%2Fv2%2Fcomments&post=3156"}],"version-history":[{"count":1,"href":"https:\/\/www.iztacala.unam.mx\/nuevo_ingreso\/index.php?rest_route=\/wp\/v2\/pages\/3156\/revisions"}],"predecessor-version":[{"id":3157,"href":"https:\/\/www.iztacala.unam.mx\/nuevo_ingreso\/index.php?rest_route=\/wp\/v2\/pages\/3156\/revisions\/3157"}],"wp:attachment":[{"href":"https:\/\/www.iztacala.unam.mx\/nuevo_ingreso\/index.php?rest_route=%2Fwp%2Fv2%2Fmedia&parent=3156"}],"curies":[{"name":"wp","href":"https:\/\/api.w.org\/{rel}","templated":true}]}}