{"id":3158,"date":"2025-06-03T22:49:19","date_gmt":"2025-06-03T22:49:19","guid":{"rendered":"https:\/\/www.iztacala.unam.mx\/nuevo_ingreso\/?page_id=3158"},"modified":"2025-06-27T19:01:50","modified_gmt":"2025-06-27T19:01:50","slug":"iztacala-aumentada-innovacion-educativa-con-realidad-aumentada","status":"publish","type":"page","link":"https:\/\/www.iztacala.unam.mx\/nuevo_ingreso\/?page_id=3158","title":{"rendered":"Iztacala Aumentada: innovaci\u00f3n educativa con Realidad Aumentada"},"content":{"rendered":"\n<p>Derivado de una s\u00f3lida base te\u00f3rica psicoeducativa enfocada en la educaci\u00f3n informal, y tras varios meses de trabajo en ingenier\u00eda computacional, se desarroll\u00f3 el proyecto <em>\u201cIztacala Aumentada\u201d<\/em>, que convierte a la FES Iztacala en la primera facultad de la UNAM en contar con una capa de Realidad Aumentada desplegada sobre su campus f\u00edsico.<\/p>\n\n\n\n<p>Este desarrollo es relevante e innovador a nivel educativo, ya que integra tecnolog\u00edas de vanguardia para fortalecer tres ejes clave de la formaci\u00f3n integral universitaria: el eje cultural, el eje deportivo y el eje medioambiental.<\/p>\n\n\n\n<p>En el \u00e1mbito cultural, la aplicaci\u00f3n permite interactuar con informaci\u00f3n sobre obras art\u00edsticas de destacados artistas mexicanos presentes en el campus, como la escultura <em>\u201cCerca ca\u00edda\u201d<\/em> de Helen Escobedo y el <em>\u201c\u00c1rbol de la Justicia\u201d<\/em> de Sebasti\u00e1n, facilitando un aprendizaje inmersivo y significativo.<\/p>\n\n\n\n<p>Para el eje deportivo, los 28 equipos del gimnasio al aire libre han sido virtualizados mediante modelos en 3D que muestran al usuario la forma correcta de realizar los ejercicios, adem\u00e1s de proporcionar recomendaciones sobre series y repeticiones, fomentando la actividad f\u00edsica de manera segura y guiada.<\/p>\n\n\n\n<p>En cuanto al eje medioambiental, a trav\u00e9s de modelos tridimensionales interactivos, los usuarios pueden acceder a informaci\u00f3n sobre diversas especies de polinizadores y su importancia para el ecosistema, as\u00ed como conocer detalles sobre las 15 especies de \u00e1rboles m\u00e1s representativas del campus.<\/p>\n\n\n\n<p>Adicionalmente, se han colocado <em>targets<\/em> de Realidad Aumentada en los edificios del campus, los cuales ofrecen informaci\u00f3n \u00fatil sobre las personas responsables de cada edificio o aula, incluyendo sus datos de contacto. Esta implementaci\u00f3n moderniza los procesos educativos no formales y ofrece a la comunidad universitaria un espacio virtual de aprendizaje que enriquece la experiencia cotidiana en el campus, aline\u00e1ndose con los retos y oportunidades de la era digital.<\/p>\n\n\n\n<p>La aplicaci\u00f3n <em>\u201cIztacala Aumentada\u201d<\/em> ha destacado por su alta aceptaci\u00f3n entre los usuarios, con una tasa de conversi\u00f3n del 34.4 % en App Store y Google Play, cifra que supera ampliamente el promedio de las aplicaciones educativas, estimado en 23.6 %. Este indicador evidencia el inter\u00e9s y el impacto positivo que el proyecto genera en la comunidad universitaria.<\/p>\n\n\n<div class=\"wp-block-image\">\n<figure class=\"aligncenter size-large\"><img loading=\"lazy\" decoding=\"async\" width=\"666\" height=\"1024\" src=\"http:\/\/www.iztacala.unam.mx\/nuevo_ingreso\/wp-content\/uploads\/2025\/06\/WhatsApp-Image-2025-06-27-at-12.58.47-666x1024.jpeg\" alt=\"\" class=\"wp-image-4355\" style=\"aspect-ratio:1;object-fit:cover\" srcset=\"https:\/\/www.iztacala.unam.mx\/nuevo_ingreso\/wp-content\/uploads\/2025\/06\/WhatsApp-Image-2025-06-27-at-12.58.47-666x1024.jpeg 666w, https:\/\/www.iztacala.unam.mx\/nuevo_ingreso\/wp-content\/uploads\/2025\/06\/WhatsApp-Image-2025-06-27-at-12.58.47-195x300.jpeg 195w, https:\/\/www.iztacala.unam.mx\/nuevo_ingreso\/wp-content\/uploads\/2025\/06\/WhatsApp-Image-2025-06-27-at-12.58.47-768x1181.jpeg 768w, https:\/\/www.iztacala.unam.mx\/nuevo_ingreso\/wp-content\/uploads\/2025\/06\/WhatsApp-Image-2025-06-27-at-12.58.47-998x1536.jpeg 998w, https:\/\/www.iztacala.unam.mx\/nuevo_ingreso\/wp-content\/uploads\/2025\/06\/WhatsApp-Image-2025-06-27-at-12.58.47-1331x2048.jpeg 1331w, https:\/\/www.iztacala.unam.mx\/nuevo_ingreso\/wp-content\/uploads\/2025\/06\/WhatsApp-Image-2025-06-27-at-12.58.47-scaled.jpeg 1664w\" sizes=\"(max-width: 666px) 100vw, 666px\" \/><\/figure><\/div>\n\n\n<p class=\"has-text-align-center has-medium-font-size\"><strong>Descarga la app en:<\/strong><\/p>\n\n\n\n<div class=\"wp-block-columns is-layout-flex wp-container-core-columns-is-layout-1 wp-block-columns-is-layout-flex\">\n<div class=\"wp-block-column is-layout-flow wp-block-column-is-layout-flow\"><div class=\"wp-block-image\">\n<figure class=\"aligncenter size-full is-resized\"><a href=\"https:\/\/apps.apple.com\/mx\/app\/iztalacaar\/id6475560732\"><img loading=\"lazy\" decoding=\"async\" width=\"896\" height=\"273\" src=\"http:\/\/www.iztacala.unam.mx\/nuevo_ingreso\/wp-content\/uploads\/2025\/06\/iOSApp-1.png\" alt=\"\" class=\"wp-image-3331\" style=\"width:394px;height:auto\" srcset=\"https:\/\/www.iztacala.unam.mx\/nuevo_ingreso\/wp-content\/uploads\/2025\/06\/iOSApp-1.png 896w, https:\/\/www.iztacala.unam.mx\/nuevo_ingreso\/wp-content\/uploads\/2025\/06\/iOSApp-1-300x91.png 300w, https:\/\/www.iztacala.unam.mx\/nuevo_ingreso\/wp-content\/uploads\/2025\/06\/iOSApp-1-768x234.png 768w\" sizes=\"(max-width: 896px) 100vw, 896px\" \/><\/a><\/figure><\/div><\/div>\n\n\n\n<div class=\"wp-block-column is-layout-flow wp-block-column-is-layout-flow\">\n<figure class=\"wp-block-image size-full is-resized\"><a href=\"https:\/\/play.google.com\/store\/apps\/details?id=com.joserapath.IztacalaAR&amp;pcampaignid=web_share\"><img loading=\"lazy\" decoding=\"async\" width=\"896\" height=\"273\" src=\"http:\/\/www.iztacala.unam.mx\/nuevo_ingreso\/wp-content\/uploads\/2025\/06\/AndroidApp.png\" alt=\"\" class=\"wp-image-3328\" style=\"width:384px;height:auto\" srcset=\"https:\/\/www.iztacala.unam.mx\/nuevo_ingreso\/wp-content\/uploads\/2025\/06\/AndroidApp.png 896w, https:\/\/www.iztacala.unam.mx\/nuevo_ingreso\/wp-content\/uploads\/2025\/06\/AndroidApp-300x91.png 300w, https:\/\/www.iztacala.unam.mx\/nuevo_ingreso\/wp-content\/uploads\/2025\/06\/AndroidApp-768x234.png 768w\" sizes=\"(max-width: 896px) 100vw, 896px\" \/><\/a><\/figure>\n<\/div>\n<\/div>\n\n\n\n<p><\/p>\n","protected":false},"excerpt":{"rendered":"<p>Derivado de una s\u00f3lida base te\u00f3rica psicoeducativa enfocada en la educaci\u00f3n informal, y tras varios meses de trabajo en ingenier\u00eda computacional, se desarroll\u00f3 el proyecto \u201cIztacala Aumentada\u201d, que convierte a<\/p>\n<p><a href=\"https:\/\/www.iztacala.unam.mx\/nuevo_ingreso\/?page_id=3158\" class=\"more-link\">Continue reading<span class=\"screen-reader-text\">Iztacala Aumentada: innovaci\u00f3n educativa con Realidad Aumentada<\/span><\/a><\/p>\n","protected":false},"author":4,"featured_media":0,"parent":0,"menu_order":0,"comment_status":"closed","ping_status":"closed","template":"","meta":{"spay_email":"","footnotes":""},"_links":{"self":[{"href":"https:\/\/www.iztacala.unam.mx\/nuevo_ingreso\/index.php?rest_route=\/wp\/v2\/pages\/3158"}],"collection":[{"href":"https:\/\/www.iztacala.unam.mx\/nuevo_ingreso\/index.php?rest_route=\/wp\/v2\/pages"}],"about":[{"href":"https:\/\/www.iztacala.unam.mx\/nuevo_ingreso\/index.php?rest_route=\/wp\/v2\/types\/page"}],"author":[{"embeddable":true,"href":"https:\/\/www.iztacala.unam.mx\/nuevo_ingreso\/index.php?rest_route=\/wp\/v2\/users\/4"}],"replies":[{"embeddable":true,"href":"https:\/\/www.iztacala.unam.mx\/nuevo_ingreso\/index.php?rest_route=%2Fwp%2Fv2%2Fcomments&post=3158"}],"version-history":[{"count":5,"href":"https:\/\/www.iztacala.unam.mx\/nuevo_ingreso\/index.php?rest_route=\/wp\/v2\/pages\/3158\/revisions"}],"predecessor-version":[{"id":4356,"href":"https:\/\/www.iztacala.unam.mx\/nuevo_ingreso\/index.php?rest_route=\/wp\/v2\/pages\/3158\/revisions\/4356"}],"wp:attachment":[{"href":"https:\/\/www.iztacala.unam.mx\/nuevo_ingreso\/index.php?rest_route=%2Fwp%2Fv2%2Fmedia&parent=3158"}],"curies":[{"name":"wp","href":"https:\/\/api.w.org\/{rel}","templated":true}]}}