{"id":52,"date":"2013-05-30T23:07:34","date_gmt":"2013-05-30T23:07:34","guid":{"rendered":"http:\/\/www.iztacala.unam.mx\/nuevo_ingreso\/?page_id=52"},"modified":"2025-06-27T23:27:13","modified_gmt":"2025-06-27T23:27:13","slug":"areas-de-investigacion","status":"publish","type":"page","link":"https:\/\/www.iztacala.unam.mx\/nuevo_ingreso\/?page_id=52","title":{"rendered":"Unidades de Investigaci\u00f3n"},"content":{"rendered":"\n<p>Una de las actividades m\u00e1s importantes dentro de la FES Iztacala es la de investigaci\u00f3n que construye el conocimiento en beneficio de la sociedad. En la Facultad contamos con 4 unidades de investigaci\u00f3n, edificios con infraestructura especial para que puedas acercarte y participar desde la profesi\u00f3n que quieres ejercer en cualquiera de los proyectos que nuestros investigadores desarrollan.<\/p>\n\n\n<div class=\"wp-block-image\">\n<figure class=\"aligncenter size-large is-resized\"><img loading=\"lazy\" decoding=\"async\" width=\"1024\" height=\"768\" src=\"https:\/\/www.iztacala.unam.mx\/nuevo_ingreso\/wp-content\/uploads\/2025\/06\/WhatsApp-Image-2025-06-27-at-13.47.53-1024x768.jpeg\" alt=\"\" class=\"wp-image-4386\" style=\"width:623px;height:auto\" srcset=\"https:\/\/www.iztacala.unam.mx\/nuevo_ingreso\/wp-content\/uploads\/2025\/06\/WhatsApp-Image-2025-06-27-at-13.47.53-1024x768.jpeg 1024w, https:\/\/www.iztacala.unam.mx\/nuevo_ingreso\/wp-content\/uploads\/2025\/06\/WhatsApp-Image-2025-06-27-at-13.47.53-300x225.jpeg 300w, https:\/\/www.iztacala.unam.mx\/nuevo_ingreso\/wp-content\/uploads\/2025\/06\/WhatsApp-Image-2025-06-27-at-13.47.53-768x576.jpeg 768w, https:\/\/www.iztacala.unam.mx\/nuevo_ingreso\/wp-content\/uploads\/2025\/06\/WhatsApp-Image-2025-06-27-at-13.47.53-1536x1152.jpeg 1536w, https:\/\/www.iztacala.unam.mx\/nuevo_ingreso\/wp-content\/uploads\/2025\/06\/WhatsApp-Image-2025-06-27-at-13.47.53-2048x1536.jpeg 2048w\" sizes=\"(max-width: 1024px) 100vw, 1024px\" \/><\/figure><\/div>\n\n<div class=\"wp-block-image\">\n<figure class=\"aligncenter size-large is-resized\"><img loading=\"lazy\" decoding=\"async\" width=\"1024\" height=\"768\" src=\"https:\/\/www.iztacala.unam.mx\/nuevo_ingreso\/wp-content\/uploads\/2025\/06\/WhatsApp-Image-2025-06-27-at-13.48.10-1024x768.jpeg\" alt=\"\" class=\"wp-image-4387\" style=\"width:635px;height:auto\" srcset=\"https:\/\/www.iztacala.unam.mx\/nuevo_ingreso\/wp-content\/uploads\/2025\/06\/WhatsApp-Image-2025-06-27-at-13.48.10-1024x768.jpeg 1024w, https:\/\/www.iztacala.unam.mx\/nuevo_ingreso\/wp-content\/uploads\/2025\/06\/WhatsApp-Image-2025-06-27-at-13.48.10-300x225.jpeg 300w, https:\/\/www.iztacala.unam.mx\/nuevo_ingreso\/wp-content\/uploads\/2025\/06\/WhatsApp-Image-2025-06-27-at-13.48.10-768x576.jpeg 768w, https:\/\/www.iztacala.unam.mx\/nuevo_ingreso\/wp-content\/uploads\/2025\/06\/WhatsApp-Image-2025-06-27-at-13.48.10-1536x1152.jpeg 1536w, https:\/\/www.iztacala.unam.mx\/nuevo_ingreso\/wp-content\/uploads\/2025\/06\/WhatsApp-Image-2025-06-27-at-13.48.10-2048x1536.jpeg 2048w\" sizes=\"(max-width: 1024px) 100vw, 1024px\" \/><\/figure><\/div>\n\n<div class=\"wp-block-image\">\n<figure class=\"aligncenter size-large is-resized\"><img loading=\"lazy\" decoding=\"async\" width=\"1024\" height=\"768\" src=\"https:\/\/www.iztacala.unam.mx\/nuevo_ingreso\/wp-content\/uploads\/2025\/06\/WhatsApp-Image-2025-06-27-at-13.48.45-1024x768.jpeg\" alt=\"\" class=\"wp-image-4388\" style=\"width:648px;height:auto\" srcset=\"https:\/\/www.iztacala.unam.mx\/nuevo_ingreso\/wp-content\/uploads\/2025\/06\/WhatsApp-Image-2025-06-27-at-13.48.45-1024x768.jpeg 1024w, https:\/\/www.iztacala.unam.mx\/nuevo_ingreso\/wp-content\/uploads\/2025\/06\/WhatsApp-Image-2025-06-27-at-13.48.45-300x225.jpeg 300w, https:\/\/www.iztacala.unam.mx\/nuevo_ingreso\/wp-content\/uploads\/2025\/06\/WhatsApp-Image-2025-06-27-at-13.48.45-768x576.jpeg 768w, https:\/\/www.iztacala.unam.mx\/nuevo_ingreso\/wp-content\/uploads\/2025\/06\/WhatsApp-Image-2025-06-27-at-13.48.45-1536x1152.jpeg 1536w, https:\/\/www.iztacala.unam.mx\/nuevo_ingreso\/wp-content\/uploads\/2025\/06\/WhatsApp-Image-2025-06-27-at-13.48.45-2048x1536.jpeg 2048w\" sizes=\"(max-width: 1024px) 100vw, 1024px\" \/><\/figure><\/div>","protected":false},"excerpt":{"rendered":"<p>Una de las actividades m\u00e1s importantes dentro de la FES Iztacala es la de investigaci\u00f3n que construye el conocimiento en beneficio de la sociedad. En la Facultad contamos con 4<\/p>\n<p><a href=\"https:\/\/www.iztacala.unam.mx\/nuevo_ingreso\/?page_id=52\" class=\"more-link\">Continue reading<span class=\"screen-reader-text\">Unidades de Investigaci\u00f3n<\/span><\/a><\/p>\n","protected":false},"author":1,"featured_media":0,"parent":0,"menu_order":0,"comment_status":"closed","ping_status":"closed","template":"","meta":{"spay_email":"","footnotes":""},"_links":{"self":[{"href":"https:\/\/www.iztacala.unam.mx\/nuevo_ingreso\/index.php?rest_route=\/wp\/v2\/pages\/52"}],"collection":[{"href":"https:\/\/www.iztacala.unam.mx\/nuevo_ingreso\/index.php?rest_route=\/wp\/v2\/pages"}],"about":[{"href":"https:\/\/www.iztacala.unam.mx\/nuevo_ingreso\/index.php?rest_route=\/wp\/v2\/types\/page"}],"author":[{"embeddable":true,"href":"https:\/\/www.iztacala.unam.mx\/nuevo_ingreso\/index.php?rest_route=\/wp\/v2\/users\/1"}],"replies":[{"embeddable":true,"href":"https:\/\/www.iztacala.unam.mx\/nuevo_ingreso\/index.php?rest_route=%2Fwp%2Fv2%2Fcomments&post=52"}],"version-history":[{"count":13,"href":"https:\/\/www.iztacala.unam.mx\/nuevo_ingreso\/index.php?rest_route=\/wp\/v2\/pages\/52\/revisions"}],"predecessor-version":[{"id":4409,"href":"https:\/\/www.iztacala.unam.mx\/nuevo_ingreso\/index.php?rest_route=\/wp\/v2\/pages\/52\/revisions\/4409"}],"wp:attachment":[{"href":"https:\/\/www.iztacala.unam.mx\/nuevo_ingreso\/index.php?rest_route=%2Fwp%2Fv2%2Fmedia&parent=52"}],"curies":[{"name":"wp","href":"https:\/\/api.w.org\/{rel}","templated":true}]}}