{"id":56,"date":"2013-05-30T23:08:21","date_gmt":"2013-05-30T23:08:21","guid":{"rendered":"http:\/\/www.iztacala.unam.mx\/nuevo_ingreso\/?page_id=56"},"modified":"2025-06-27T23:24:31","modified_gmt":"2025-06-27T23:24:31","slug":"vivario","status":"publish","type":"page","link":"https:\/\/www.iztacala.unam.mx\/nuevo_ingreso\/?page_id=56","title":{"rendered":"Vivario"},"content":{"rendered":"\n<p>El Laboratorio de Herpetolog\u00eda es casi tan antiguo como la Facultad misma. Fue fundado hace 29 a\u00f1os y en \u00e9l viven anfibios y reptiles que son estudiados de manera constante por los investigadores que ah\u00ed laboran y gracias a los que podemos acercarnos a disipar todas nuestras dudas. Para los estudiantes de la Carrera de Biolog\u00eda es indispensable en su preparaci\u00f3n pero para la comunidad universitaria en general es un lugar obligado a conocer.<\/p>\n\n\n\n<div class=\"wp-block-columns is-layout-flex wp-container-core-columns-is-layout-1 wp-block-columns-is-layout-flex\">\n<div class=\"wp-block-column is-layout-flow wp-block-column-is-layout-flow\"><div class=\"wp-block-image\">\n<figure class=\"alignright size-large is-resized\"><img loading=\"lazy\" decoding=\"async\" width=\"1024\" height=\"725\" src=\"https:\/\/www.iztacala.unam.mx\/nuevo_ingreso\/wp-content\/uploads\/2025\/06\/Captura-de-pantalla-2025-06-27-a-las-1.35.09-p.m-1024x725.png\" alt=\"\" class=\"wp-image-4375\" style=\"width:240px;height:auto\" srcset=\"https:\/\/www.iztacala.unam.mx\/nuevo_ingreso\/wp-content\/uploads\/2025\/06\/Captura-de-pantalla-2025-06-27-a-las-1.35.09-p.m-1024x725.png 1024w, https:\/\/www.iztacala.unam.mx\/nuevo_ingreso\/wp-content\/uploads\/2025\/06\/Captura-de-pantalla-2025-06-27-a-las-1.35.09-p.m-300x212.png 300w, https:\/\/www.iztacala.unam.mx\/nuevo_ingreso\/wp-content\/uploads\/2025\/06\/Captura-de-pantalla-2025-06-27-a-las-1.35.09-p.m-768x544.png 768w, https:\/\/www.iztacala.unam.mx\/nuevo_ingreso\/wp-content\/uploads\/2025\/06\/Captura-de-pantalla-2025-06-27-a-las-1.35.09-p.m-1536x1088.png 1536w, https:\/\/www.iztacala.unam.mx\/nuevo_ingreso\/wp-content\/uploads\/2025\/06\/Captura-de-pantalla-2025-06-27-a-las-1.35.09-p.m.png 1638w\" sizes=\"(max-width: 1024px) 100vw, 1024px\" \/><\/figure><\/div><\/div>\n\n\n\n<div class=\"wp-block-column is-layout-flow wp-block-column-is-layout-flow\">\n<figure class=\"wp-block-image size-large\"><img loading=\"lazy\" decoding=\"async\" width=\"1024\" height=\"666\" src=\"https:\/\/www.iztacala.unam.mx\/nuevo_ingreso\/wp-content\/uploads\/2025\/06\/Captura-de-pantalla-2025-06-27-a-las-1.35.21-p.m-1024x666.png\" alt=\"\" class=\"wp-image-4376\" srcset=\"https:\/\/www.iztacala.unam.mx\/nuevo_ingreso\/wp-content\/uploads\/2025\/06\/Captura-de-pantalla-2025-06-27-a-las-1.35.21-p.m-1024x666.png 1024w, https:\/\/www.iztacala.unam.mx\/nuevo_ingreso\/wp-content\/uploads\/2025\/06\/Captura-de-pantalla-2025-06-27-a-las-1.35.21-p.m-300x195.png 300w, https:\/\/www.iztacala.unam.mx\/nuevo_ingreso\/wp-content\/uploads\/2025\/06\/Captura-de-pantalla-2025-06-27-a-las-1.35.21-p.m-768x499.png 768w, https:\/\/www.iztacala.unam.mx\/nuevo_ingreso\/wp-content\/uploads\/2025\/06\/Captura-de-pantalla-2025-06-27-a-las-1.35.21-p.m-1536x999.png 1536w, https:\/\/www.iztacala.unam.mx\/nuevo_ingreso\/wp-content\/uploads\/2025\/06\/Captura-de-pantalla-2025-06-27-a-las-1.35.21-p.m.png 1870w\" sizes=\"(max-width: 1024px) 100vw, 1024px\" \/><\/figure>\n<\/div>\n\n\n\n<div class=\"wp-block-column is-layout-flow wp-block-column-is-layout-flow\">\n<figure class=\"wp-block-image size-large\"><img loading=\"lazy\" decoding=\"async\" width=\"1024\" height=\"634\" src=\"https:\/\/www.iztacala.unam.mx\/nuevo_ingreso\/wp-content\/uploads\/2025\/06\/Captura-de-pantalla-2025-06-27-a-las-1.35.32-p.m-1024x634.png\" alt=\"\" class=\"wp-image-4377\" srcset=\"https:\/\/www.iztacala.unam.mx\/nuevo_ingreso\/wp-content\/uploads\/2025\/06\/Captura-de-pantalla-2025-06-27-a-las-1.35.32-p.m-1024x634.png 1024w, https:\/\/www.iztacala.unam.mx\/nuevo_ingreso\/wp-content\/uploads\/2025\/06\/Captura-de-pantalla-2025-06-27-a-las-1.35.32-p.m-300x186.png 300w, https:\/\/www.iztacala.unam.mx\/nuevo_ingreso\/wp-content\/uploads\/2025\/06\/Captura-de-pantalla-2025-06-27-a-las-1.35.32-p.m-768x475.png 768w, https:\/\/www.iztacala.unam.mx\/nuevo_ingreso\/wp-content\/uploads\/2025\/06\/Captura-de-pantalla-2025-06-27-a-las-1.35.32-p.m-1536x950.png 1536w, https:\/\/www.iztacala.unam.mx\/nuevo_ingreso\/wp-content\/uploads\/2025\/06\/Captura-de-pantalla-2025-06-27-a-las-1.35.32-p.m.png 1752w\" sizes=\"(max-width: 1024px) 100vw, 1024px\" \/><\/figure>\n<\/div>\n<\/div>\n\n\n\n<div class=\"wp-block-buttons is-content-justification-center is-layout-flex wp-container-core-buttons-is-layout-1 wp-block-buttons-is-layout-flex\">\n<div class=\"wp-block-button has-custom-width wp-block-button__width-75 has-custom-font-size has-medium-font-size\"><a class=\"wp-block-button__link has-white-color has-text-color has-background has-link-color wp-element-button\" href=\"https:\/\/biologia.iztacala.unam.mx\/index.php\/vivario\/\" style=\"background:linear-gradient(135deg,rgb(2,3,129) 76%,rgb(40,116,252) 100%)\"><strong>Visita la p\u00e1gina del Vivario <\/strong><\/a><\/div>\n<\/div>\n","protected":false},"excerpt":{"rendered":"<p>El Laboratorio de Herpetolog\u00eda es casi tan antiguo como la Facultad misma. Fue fundado hace 29 a\u00f1os y en \u00e9l viven anfibios y reptiles que son estudiados de manera constante<\/p>\n<p><a href=\"https:\/\/www.iztacala.unam.mx\/nuevo_ingreso\/?page_id=56\" class=\"more-link\">Continue reading<span class=\"screen-reader-text\">Vivario<\/span><\/a><\/p>\n","protected":false},"author":1,"featured_media":0,"parent":0,"menu_order":0,"comment_status":"closed","ping_status":"closed","template":"","meta":{"spay_email":"","footnotes":""},"_links":{"self":[{"href":"https:\/\/www.iztacala.unam.mx\/nuevo_ingreso\/index.php?rest_route=\/wp\/v2\/pages\/56"}],"collection":[{"href":"https:\/\/www.iztacala.unam.mx\/nuevo_ingreso\/index.php?rest_route=\/wp\/v2\/pages"}],"about":[{"href":"https:\/\/www.iztacala.unam.mx\/nuevo_ingreso\/index.php?rest_route=\/wp\/v2\/types\/page"}],"author":[{"embeddable":true,"href":"https:\/\/www.iztacala.unam.mx\/nuevo_ingreso\/index.php?rest_route=\/wp\/v2\/users\/1"}],"replies":[{"embeddable":true,"href":"https:\/\/www.iztacala.unam.mx\/nuevo_ingreso\/index.php?rest_route=%2Fwp%2Fv2%2Fcomments&post=56"}],"version-history":[{"count":8,"href":"https:\/\/www.iztacala.unam.mx\/nuevo_ingreso\/index.php?rest_route=\/wp\/v2\/pages\/56\/revisions"}],"predecessor-version":[{"id":4407,"href":"https:\/\/www.iztacala.unam.mx\/nuevo_ingreso\/index.php?rest_route=\/wp\/v2\/pages\/56\/revisions\/4407"}],"wp:attachment":[{"href":"https:\/\/www.iztacala.unam.mx\/nuevo_ingreso\/index.php?rest_route=%2Fwp%2Fv2%2Fmedia&parent=56"}],"curies":[{"name":"wp","href":"https:\/\/api.w.org\/{rel}","templated":true}]}}