{"id":71,"date":"2013-05-30T23:12:19","date_gmt":"2013-05-30T23:12:19","guid":{"rendered":"http:\/\/www.iztacala.unam.mx\/nuevo_ingreso\/?page_id=71"},"modified":"2025-07-03T19:02:21","modified_gmt":"2025-07-03T19:02:21","slug":"cajas","status":"publish","type":"page","link":"https:\/\/www.iztacala.unam.mx\/nuevo_ingreso\/?page_id=71","title":{"rendered":"Cajas"},"content":{"rendered":"<div class=\"wp-block-image\">\n<figure class=\"aligncenter\"><img loading=\"lazy\" decoding=\"async\" width=\"1024\" height=\"200\" src=\"http:\/\/www.iztacala.unam.mx\/nuevo_ingreso\/wp-content\/uploads\/2013\/05\/cajas.jpg\" alt=\"cajas\" class=\"wp-image-322\" srcset=\"https:\/\/www.iztacala.unam.mx\/nuevo_ingreso\/wp-content\/uploads\/2013\/05\/cajas.jpg 1024w, https:\/\/www.iztacala.unam.mx\/nuevo_ingreso\/wp-content\/uploads\/2013\/05\/cajas-300x58.jpg 300w\" sizes=\"(max-width: 1024px) 100vw, 1024px\" \/><\/figure><\/div>\n\n\n<p><strong>Horario y ubicaci\u00f3n<\/strong><br><br><strong>Cajas principales (para tr\u00e1mites internos y pagos escolares):<\/strong><br><br>\u2022 Lunes a viernes, de 9:00 a 14:00 y de 15:30 a 18:30 horas  .<br>\u2022 Se reciben pagos en efectivo; para montos superiores a $1,000\u202fMXN, se acepta tarjeta en la Caja\u00a03 (Unidad de Finanzas), de lunes a viernes de 10:00 a 14:00 h, con comisiones del 2.38\u202f% (cr\u00e9dito) o 1.75\u202f% (d\u00e9bito).<\/p>\n\n\n\n<p><strong>Cajas de cl\u00ednicas odontol\u00f3gicas perif\u00e9ricas, incluidas las de la FES Iztacala:<\/strong><br><br>\u2022 Lunes a jueves: 8:30\u201313:00 y 15:00\u201317:30 horas.<br>\u2022 Viernes: 15:00\u201317:30 horas.<\/p>\n\n\n\n<p><strong>Opciones y modalidades de pago<\/strong><br><br>1. En efectivo: directamente en las cajas principales en los horarios indicados.<br>2. Con tarjeta (solo en Caja 3 para pagos superiores a $1,000).<\/p>\n","protected":false},"excerpt":{"rendered":"<p>Horario y ubicaci\u00f3n Cajas principales (para tr\u00e1mites internos y pagos escolares): \u2022 Lunes a viernes, de 9:00 a 14:00 y de 15:30 a 18:30 horas .\u2022 Se reciben pagos en<\/p>\n<p><a href=\"https:\/\/www.iztacala.unam.mx\/nuevo_ingreso\/?page_id=71\" class=\"more-link\">Continue reading<span class=\"screen-reader-text\">Cajas<\/span><\/a><\/p>\n","protected":false},"author":1,"featured_media":0,"parent":0,"menu_order":0,"comment_status":"closed","ping_status":"closed","template":"","meta":{"spay_email":"","footnotes":""},"_links":{"self":[{"href":"https:\/\/www.iztacala.unam.mx\/nuevo_ingreso\/index.php?rest_route=\/wp\/v2\/pages\/71"}],"collection":[{"href":"https:\/\/www.iztacala.unam.mx\/nuevo_ingreso\/index.php?rest_route=\/wp\/v2\/pages"}],"about":[{"href":"https:\/\/www.iztacala.unam.mx\/nuevo_ingreso\/index.php?rest_route=\/wp\/v2\/types\/page"}],"author":[{"embeddable":true,"href":"https:\/\/www.iztacala.unam.mx\/nuevo_ingreso\/index.php?rest_route=\/wp\/v2\/users\/1"}],"replies":[{"embeddable":true,"href":"https:\/\/www.iztacala.unam.mx\/nuevo_ingreso\/index.php?rest_route=%2Fwp%2Fv2%2Fcomments&post=71"}],"version-history":[{"count":4,"href":"https:\/\/www.iztacala.unam.mx\/nuevo_ingreso\/index.php?rest_route=\/wp\/v2\/pages\/71\/revisions"}],"predecessor-version":[{"id":4495,"href":"https:\/\/www.iztacala.unam.mx\/nuevo_ingreso\/index.php?rest_route=\/wp\/v2\/pages\/71\/revisions\/4495"}],"wp:attachment":[{"href":"https:\/\/www.iztacala.unam.mx\/nuevo_ingreso\/index.php?rest_route=%2Fwp%2Fv2%2Fmedia&parent=71"}],"curies":[{"name":"wp","href":"https:\/\/api.w.org\/{rel}","templated":true}]}}